{"id":1893,"date":"2025-10-06T09:42:54","date_gmt":"2025-10-06T09:42:54","guid":{"rendered":"https:\/\/superchouette.apercu.website\/?page_id=1893"},"modified":"2025-10-16T13:37:29","modified_gmt":"2025-10-16T13:37:29","slug":"mentions-legales","status":"publish","type":"page","link":"https:\/\/www.hello-superchouette.com\/en\/mentions-legales\/","title":{"rendered":"Mentions l\u00e9gales"},"content":{"rendered":"<div data-elementor-type=\"wp-page\" data-elementor-id=\"1893\" class=\"elementor elementor-1893\" data-elementor-post-type=\"page\">\n\t\t\t\t<div class=\"elementor-element elementor-element-c41785b e-con-full e-flex e-con e-parent\" data-id=\"c41785b\" data-element_type=\"container\">\n\t\t\t\t<div class=\"elementor-element elementor-element-c03adb0 elementor-widget elementor-widget-heading\" data-id=\"c03adb0\" data-element_type=\"widget\" data-widget_type=\"heading.default\">\n\t\t\t\t\t<h1 class=\"elementor-heading-title elementor-size-default\">Mentions l\u00e9gales<\/h1>\t\t\t\t<\/div>\n\t\t\t\t<div class=\"elementor-element elementor-element-9484c3c elementor-widget elementor-widget-heading\" data-id=\"9484c3c\" data-element_type=\"widget\" data-widget_type=\"heading.default\">\n\t\t\t\t\t<h2 class=\"elementor-heading-title elementor-size-default\">\u00c9DITEUR DU SITE<\/h2>\t\t\t\t<\/div>\n\t\t\t\t<div class=\"elementor-element elementor-element-584a20f elementor-widget elementor-widget-text-editor\" data-id=\"584a20f\" data-element_type=\"widget\" data-widget_type=\"text-editor.default\">\n\t\t\t\t\t\t\t\t\t<p class=\"p1\">Le pr\u00e9sent site <span class=\"s1\"><b>hello-superchouette.com<\/b><\/span> est \u00e9dit\u00e9 par :<\/p><p class=\"p2\"><b>Agence Superchouette<\/b><span class=\"s2\">, <\/span><b>SAS<\/b><span class=\"s2\"> au capital social de <\/span><b>3 000 euros<\/b><span class=\"s2\">,<\/span><\/p><p class=\"p2\"><span class=\"s2\">immatricul\u00e9e au <\/span><b>Registre du Commerce et des Soci\u00e9t\u00e9s de Paris<\/b><span class=\"s2\"> sous le num\u00e9ro <\/span><b>882 274 509<\/b><span class=\"s2\">.<\/span><\/p><p class=\"p1\"><span class=\"s1\"><b>Si\u00e8ge social :<\/b><\/span> 93 rue des Moines, 75017 Paris \u2013 France<\/p><p class=\"p1\"><span class=\"s1\"><b>E-mail :<\/b><\/span> <a href=\"mailto:contact@hello-superchouette.com\">contact@hello-superchouette.com<\/a><\/p><p class=\"p1\"><span class=\"s1\"><b>Directeur de la publication :<\/b><\/span> Baptiste Datin, en qualit\u00e9 de Pr\u00e9sident.<\/p>\t\t\t\t\t\t\t\t<\/div>\n\t\t\t\t<div class=\"elementor-element elementor-element-64f3b9c elementor-widget elementor-widget-heading\" data-id=\"64f3b9c\" data-element_type=\"widget\" data-widget_type=\"heading.default\">\n\t\t\t\t\t<h2 class=\"elementor-heading-title elementor-size-default\">H\u00c9BERGEUR DU SITE<\/h2>\t\t\t\t<\/div>\n\t\t\t\t<div class=\"elementor-element elementor-element-74ca31d elementor-widget elementor-widget-text-editor\" data-id=\"74ca31d\" data-element_type=\"widget\" data-widget_type=\"text-editor.default\">\n\t\t\t\t\t\t\t\t\t<p class=\"p1\">Le site est h\u00e9berg\u00e9 par : <b>OVH SAS<\/b><b><\/b><\/p><p class=\"p1\">2 rue Kellermann, 59100 Roubaix \u2013 France<\/p><p class=\"p1\">Site web : <a href=\"https:\/\/www.ovh.com\/\">www.ovh.com<\/a><\/p>\t\t\t\t\t\t\t\t<\/div>\n\t\t\t\t<div class=\"elementor-element elementor-element-d7e4b23 elementor-widget elementor-widget-heading\" data-id=\"d7e4b23\" data-element_type=\"widget\" data-widget_type=\"heading.default\">\n\t\t\t\t\t<h2 class=\"elementor-heading-title elementor-size-default\">PROPRI\u00c9T\u00c9 INTELLECTUELLE<\/h2>\t\t\t\t<\/div>\n\t\t\t\t<div class=\"elementor-element elementor-element-407df59 elementor-widget elementor-widget-text-editor\" data-id=\"407df59\" data-element_type=\"widget\" data-widget_type=\"text-editor.default\">\n\t\t\t\t\t\t\t\t\t<p class=\"p1\">L\u2019ensemble du contenu du site <span class=\"s1\"><b>hello-superchouette.com<\/b><\/span>, incluant (sans limitation) les graphismes, images, textes, vid\u00e9os, animations, sons, logos, gifs, ic\u00f4nes et leur mise en forme, est la propri\u00e9t\u00e9 exclusive de la soci\u00e9t\u00e9 <span class=\"s1\"><b>Agence Superchouette<\/b><\/span>, \u00e0 l\u2019exception des marques, logos ou contenus appartenant \u00e0 d\u2019autres soci\u00e9t\u00e9s partenaires ou auteurs.<\/p><p class=\"p1\">Toute reproduction, distribution, modification, adaptation, retransmission ou publication, m\u00eame partielle, de ces diff\u00e9rents \u00e9l\u00e9ments est strictement interdite sans l\u2019accord \u00e9crit pr\u00e9alable de <span class=\"s1\"><b>l\u2019Agence Superchouette<\/b><\/span>.<\/p><p class=\"p1\">Toute exploitation non autoris\u00e9e du site ou de l\u2019un de ses \u00e9l\u00e9ments sera consid\u00e9r\u00e9e comme constitutive d\u2019une contrefa\u00e7on et poursuivie conform\u00e9ment aux articles <span class=\"s1\"><b>L.335-2 et suivants du Code de la Propri\u00e9t\u00e9 Intellectuelle<\/b><\/span>.<\/p>\t\t\t\t\t\t\t\t<\/div>\n\t\t\t\t<div class=\"elementor-element elementor-element-384c2cc elementor-widget elementor-widget-heading\" data-id=\"384c2cc\" data-element_type=\"widget\" data-widget_type=\"heading.default\">\n\t\t\t\t\t<h2 class=\"elementor-heading-title elementor-size-default\">DONN\u00c9ES PERSONNELLES &amp; RGPD<\/h2>\t\t\t\t<\/div>\n\t\t\t\t<div class=\"elementor-element elementor-element-d211894 elementor-widget elementor-widget-text-editor\" data-id=\"d211894\" data-element_type=\"widget\" data-widget_type=\"text-editor.default\">\n\t\t\t\t\t\t\t\t\t<p class=\"p1\">Conform\u00e9ment au <span class=\"s1\"><b>R\u00e8glement G\u00e9n\u00e9ral sur la Protection des Donn\u00e9es (RGPD)<\/b><\/span> et \u00e0 la <span class=\"s1\"><b>loi \u201cInformatique et Libert\u00e9s\u201d<\/b><\/span>du 6 janvier 1978 modifi\u00e9e, <span class=\"s1\"><b>Agence Superchouette<\/b><\/span> s\u2019engage \u00e0 ce que la collecte et le traitement des donn\u00e9es personnelles effectu\u00e9s via ce site respectent les principes de confidentialit\u00e9 et de protection des donn\u00e9es.<\/p><p class=\"p1\">Les informations susceptibles d\u2019\u00eatre recueillies (via un formulaire de contact, par exemple) sont uniquement destin\u00e9es \u00e0 un usage interne, afin de r\u00e9pondre aux demandes formul\u00e9es.<\/p><p class=\"p1\">Aucune donn\u00e9e personnelle n\u2019est vendue, c\u00e9d\u00e9e ni transmise \u00e0 des tiers.<\/p><p class=\"p3\"><span class=\"s2\">Vous disposez d\u2019un <\/span><b>droit d\u2019acc\u00e8s, de rectification, de suppression et d\u2019opposition<\/b><span class=\"s2\"> concernant vos donn\u00e9es personnelles.<\/span><\/p><p class=\"p1\">Pour exercer ce droit, vous pouvez contacter :\u00a0<a href=\"mailto:contact@hello-superchouette.com\">contact@hello-superchouette.com<\/a><br \/><br \/><\/p><p class=\"p1\">Le site peut utiliser des <span class=\"s1\"><b>cookies<\/b><\/span> \u00e0 des fins de mesure d\u2019audience ou d\u2019am\u00e9lioration de l\u2019exp\u00e9rience utilisateur. Vous pouvez configurer votre navigateur pour les refuser.<\/p>\t\t\t\t\t\t\t\t<\/div>\n\t\t\t\t<div class=\"elementor-element elementor-element-795b401 elementor-widget elementor-widget-heading\" data-id=\"795b401\" data-element_type=\"widget\" data-widget_type=\"heading.default\">\n\t\t\t\t\t<h2 class=\"elementor-heading-title elementor-size-default\">RESPONSABILIT\u00c9<\/h2>\t\t\t\t<\/div>\n\t\t\t\t<div class=\"elementor-element elementor-element-6b4f511 elementor-widget elementor-widget-text-editor\" data-id=\"6b4f511\" data-element_type=\"widget\" data-widget_type=\"text-editor.default\">\n\t\t\t\t\t\t\t\t\t<p class=\"p1\"><span class=\"s1\"><b>Agence Superchouette<\/b><\/span> met tout en \u0153uvre pour offrir aux utilisateurs des informations fiables et \u00e0 jour.<\/p><p class=\"p1\">Cependant, des erreurs ou omissions peuvent survenir. L\u2019utilisateur devra donc s\u2019assurer de l\u2019exactitude des informations et signaler toute modification du site qu\u2019il jugerait utile.<\/p><p class=\"p1\"><span class=\"s1\"><b>Agence Superchouette<\/b><\/span> ne saurait \u00eatre tenue responsable de tout dommage direct ou indirect r\u00e9sultant de l\u2019acc\u00e8s ou de l\u2019utilisation du site, ni du contenu des sites externes vers lesquels des liens peuvent pointer.<\/p>\t\t\t\t\t\t\t\t<\/div>\n\t\t\t\t<div class=\"elementor-element elementor-element-7e79d58 elementor-widget elementor-widget-heading\" data-id=\"7e79d58\" data-element_type=\"widget\" data-widget_type=\"heading.default\">\n\t\t\t\t\t<h2 class=\"elementor-heading-title elementor-size-default\">DROIT APPLICABLE<\/h2>\t\t\t\t<\/div>\n\t\t\t\t<div class=\"elementor-element elementor-element-5ed7a3a elementor-widget elementor-widget-text-editor\" data-id=\"5ed7a3a\" data-element_type=\"widget\" data-widget_type=\"text-editor.default\">\n\t\t\t\t\t\t\t\t\t<p class=\"p1\">Le pr\u00e9sent site et ses mentions l\u00e9gales sont soumis au <span class=\"s1\"><b>droit fran\u00e7ais<\/b><\/span>.<\/p><p class=\"p1\">En cas de litige, et \u00e0 d\u00e9faut de r\u00e9solution amiable, les tribunaux comp\u00e9tents seront ceux de <span class=\"s1\"><b>Paris (France)<\/b><\/span>.<\/p><p class=\"p1\">\u00a0<\/p>\t\t\t\t\t\t\t\t<\/div>\n\t\t\t\t<div class=\"elementor-element elementor-element-dea6266 elementor-widget elementor-widget-heading\" data-id=\"dea6266\" data-element_type=\"widget\" data-widget_type=\"heading.default\">\n\t\t\t\t\t<h2 class=\"elementor-heading-title elementor-size-default\">PROPRI\u00c9T\u00c9 INTELLECTUELLE<\/h2>\t\t\t\t<\/div>\n\t\t\t\t<div class=\"elementor-element elementor-element-5551bcc elementor-widget elementor-widget-text-editor\" data-id=\"5551bcc\" data-element_type=\"widget\" data-widget_type=\"text-editor.default\">\n\t\t\t\t\t\t\t\t\t<p class=\"p1\">L\u2019ensemble du contenu du site <span class=\"s1\"><b>hello-superchouette.com<\/b><\/span>, incluant (sans limitation) les graphismes, images, textes, vid\u00e9os, animations, sons, logos, gifs, ic\u00f4nes et leur mise en forme, est la propri\u00e9t\u00e9 exclusive de la soci\u00e9t\u00e9 <span class=\"s1\"><b>Agence Superchouette<\/b><\/span>, \u00e0 l\u2019exception des marques, logos ou contenus appartenant \u00e0 d\u2019autres soci\u00e9t\u00e9s partenaires ou auteurs.<\/p><p class=\"p1\">Toute reproduction, distribution, modification, adaptation, retransmission ou publication, m\u00eame partielle, de ces diff\u00e9rents \u00e9l\u00e9ments est strictement interdite sans l\u2019accord \u00e9crit pr\u00e9alable de <span class=\"s1\"><b>l\u2019Agence Superchouette<\/b><\/span>.<\/p><p class=\"p1\">Toute exploitation non autoris\u00e9e du site ou de l\u2019un de ses \u00e9l\u00e9ments sera consid\u00e9r\u00e9e comme constitutive d\u2019une contrefa\u00e7on et poursuivie conform\u00e9ment aux articles <span class=\"s1\"><b>L.335-2 et suivants du Code de la Propri\u00e9t\u00e9 Intellectuelle<\/b><\/span>.<\/p>\t\t\t\t\t\t\t\t<\/div>\n\t\t\t\t<div class=\"elementor-element elementor-element-cf504b1 elementor-widget elementor-widget-heading\" data-id=\"cf504b1\" data-element_type=\"widget\" data-widget_type=\"heading.default\">\n\t\t\t\t\t<h2 class=\"elementor-heading-title elementor-size-default\">DONN\u00c9ES PERSONNELLES &amp; RGPD<\/h2>\t\t\t\t<\/div>\n\t\t\t\t<div class=\"elementor-element elementor-element-8adb3ff elementor-widget elementor-widget-text-editor\" data-id=\"8adb3ff\" data-element_type=\"widget\" data-widget_type=\"text-editor.default\">\n\t\t\t\t\t\t\t\t\t<p class=\"p1\">Conform\u00e9ment au <span class=\"s1\"><b>R\u00e8glement G\u00e9n\u00e9ral sur la Protection des Donn\u00e9es (RGPD)<\/b><\/span> et \u00e0 la <span class=\"s1\"><b>loi \u201cInformatique et Libert\u00e9s\u201d<\/b><\/span>du 6 janvier 1978 modifi\u00e9e, <span class=\"s1\"><b>Agence Superchouette<\/b><\/span> s\u2019engage \u00e0 ce que la collecte et le traitement des donn\u00e9es personnelles effectu\u00e9s via ce site respectent les principes de confidentialit\u00e9 et de protection des donn\u00e9es.<\/p><p class=\"p1\">Les informations susceptibles d\u2019\u00eatre recueillies (via un formulaire de contact, par exemple) sont uniquement destin\u00e9es \u00e0 un usage interne, afin de r\u00e9pondre aux demandes formul\u00e9es.<\/p><p class=\"p1\">Aucune donn\u00e9e personnelle n\u2019est vendue, c\u00e9d\u00e9e ni transmise \u00e0 des tiers.<\/p><p class=\"p3\"><span class=\"s2\">Vous disposez d\u2019un <\/span><b>droit d\u2019acc\u00e8s, de rectification, de suppression et d\u2019opposition<\/b><span class=\"s2\"> concernant vos donn\u00e9es personnelles.<\/span><\/p><p class=\"p1\">Pour exercer ce droit, vous pouvez contacter :\u00a0<a href=\"mailto:contact@hello-superchouette.com\">contact@hello-superchouette.com<\/a><\/p><p class=\"p1\">Le site peut utiliser des <span class=\"s1\"><b>cookies<\/b><\/span> \u00e0 des fins de mesure d\u2019audience ou d\u2019am\u00e9lioration de l\u2019exp\u00e9rience utilisateur. Vous pouvez configurer votre navigateur pour les refuser.<\/p>\t\t\t\t\t\t\t\t<\/div>\n\t\t\t\t<\/div>\n\t\t\t\t<\/div>","protected":false},"excerpt":{"rendered":"<p>Mentions l\u00e9gales \u00c9DITEUR DU SITE Le pr\u00e9sent site hello-superchouette.com est \u00e9dit\u00e9 par : Agence Superchouette, SAS au capital social de 3 000 euros, immatricul\u00e9e au Registre du Commerce et des Soci\u00e9t\u00e9s de Paris sous le num\u00e9ro 882 274 509. Si\u00e8ge social : 93 rue des Moines, 75017 Paris \u2013 France E-mail : contact@hello-superchouette.com Directeur de [&hellip;]<\/p>","protected":false},"author":2,"featured_media":1904,"parent":0,"menu_order":0,"comment_status":"closed","ping_status":"closed","template":"elementor_header_footer","meta":{"_acf_changed":false,"content-type":"","footnotes":""},"class_list":["post-1893","page","type-page","status-publish","has-post-thumbnail","hentry"],"acf":[],"yoast_head":"<!-- This site is optimized with the Yoast SEO plugin v26.1 - https:\/\/yoast.com\/wordpress\/plugins\/seo\/ -->\n<title>Superchouette | Agence de Branding &amp; de cr\u00e9ation digitale<\/title>\n<meta name=\"description\" content=\"L&#039;Agence Superchouette accompagne ses clients en branding et cr\u00e9ation digitale pour d\u00e9velopper et r\u00e9inventer leur univers de marque.\" \/>\n<meta name=\"robots\" content=\"index, follow, max-snippet:-1, max-image-preview:large, max-video-preview:-1\" \/>\n<link rel=\"canonical\" href=\"https:\/\/www.hello-superchouette.com\/en\/mentions-legales\/\" \/>\n<meta property=\"og:locale\" content=\"en_US\" \/>\n<meta property=\"og:type\" content=\"article\" \/>\n<meta property=\"og:title\" content=\"Superchouette | Agence de Branding &amp; de cr\u00e9ation digitale\" \/>\n<meta property=\"og:description\" content=\"L&#039;Agence Superchouette accompagne ses clients en branding et cr\u00e9ation digitale pour d\u00e9velopper et r\u00e9inventer leur univers de marque.\" \/>\n<meta property=\"og:url\" content=\"https:\/\/www.hello-superchouette.com\/en\/mentions-legales\/\" \/>\n<meta property=\"og:site_name\" content=\"Superchouette\" \/>\n<meta property=\"article:publisher\" content=\"https:\/\/www.facebook.com\/agencesuperchouette\" \/>\n<meta property=\"article:modified_time\" content=\"2025-10-16T13:37:29+00:00\" \/>\n<meta property=\"og:image\" content=\"https:\/\/www.hello-superchouette.com\/wp-content\/uploads\/2025\/10\/Seo-SC.png\" \/>\n\t<meta property=\"og:image:width\" content=\"1200\" \/>\n\t<meta property=\"og:image:height\" content=\"674\" \/>\n\t<meta property=\"og:image:type\" content=\"image\/png\" \/>\n<meta name=\"twitter:card\" content=\"summary_large_image\" \/>\n<meta name=\"twitter:label1\" content=\"Est. reading time\" \/>\n\t<meta name=\"twitter:data1\" content=\"1 minute\" \/>\n<script type=\"application\/ld+json\" class=\"yoast-schema-graph\">{\"@context\":\"https:\/\/schema.org\",\"@graph\":[{\"@type\":\"WebPage\",\"@id\":\"https:\/\/www.hello-superchouette.com\/mentions-legales\/\",\"url\":\"https:\/\/www.hello-superchouette.com\/mentions-legales\/\",\"name\":\"Superchouette | Agence de Branding & de cr\u00e9ation digitale\",\"isPartOf\":{\"@id\":\"https:\/\/www.hello-superchouette.com\/#website\"},\"primaryImageOfPage\":{\"@id\":\"https:\/\/www.hello-superchouette.com\/mentions-legales\/#primaryimage\"},\"image\":{\"@id\":\"https:\/\/www.hello-superchouette.com\/mentions-legales\/#primaryimage\"},\"thumbnailUrl\":\"https:\/\/www.hello-superchouette.com\/wp-content\/uploads\/2025\/10\/Seo-SC.png\",\"datePublished\":\"2025-10-06T09:42:54+00:00\",\"dateModified\":\"2025-10-16T13:37:29+00:00\",\"description\":\"L'Agence Superchouette accompagne ses clients en branding et cr\u00e9ation digitale pour d\u00e9velopper et r\u00e9inventer leur univers de marque.\",\"breadcrumb\":{\"@id\":\"https:\/\/www.hello-superchouette.com\/mentions-legales\/#breadcrumb\"},\"inLanguage\":\"en-US\",\"potentialAction\":[{\"@type\":\"ReadAction\",\"target\":[\"https:\/\/www.hello-superchouette.com\/mentions-legales\/\"]}]},{\"@type\":\"ImageObject\",\"inLanguage\":\"en-US\",\"@id\":\"https:\/\/www.hello-superchouette.com\/mentions-legales\/#primaryimage\",\"url\":\"https:\/\/www.hello-superchouette.com\/wp-content\/uploads\/2025\/10\/Seo-SC.png\",\"contentUrl\":\"https:\/\/www.hello-superchouette.com\/wp-content\/uploads\/2025\/10\/Seo-SC.png\",\"width\":1200,\"height\":674},{\"@type\":\"BreadcrumbList\",\"@id\":\"https:\/\/www.hello-superchouette.com\/mentions-legales\/#breadcrumb\",\"itemListElement\":[{\"@type\":\"ListItem\",\"position\":1,\"name\":\"Home\",\"item\":\"https:\/\/www.hello-superchouette.com\/\"},{\"@type\":\"ListItem\",\"position\":2,\"name\":\"Mentions l\u00e9gales\"}]},{\"@type\":\"WebSite\",\"@id\":\"https:\/\/www.hello-superchouette.com\/#website\",\"url\":\"https:\/\/www.hello-superchouette.com\/\",\"name\":\"Hello-Superchouette\",\"description\":\"Agence de cr\u00e9ation digitale\",\"publisher\":{\"@id\":\"https:\/\/www.hello-superchouette.com\/#organization\"},\"alternateName\":\"SC\",\"potentialAction\":[{\"@type\":\"SearchAction\",\"target\":{\"@type\":\"EntryPoint\",\"urlTemplate\":\"https:\/\/www.hello-superchouette.com\/?s={search_term_string}\"},\"query-input\":{\"@type\":\"PropertyValueSpecification\",\"valueRequired\":true,\"valueName\":\"search_term_string\"}}],\"inLanguage\":\"en-US\"},{\"@type\":\"Organization\",\"@id\":\"https:\/\/www.hello-superchouette.com\/#organization\",\"name\":\"Agence Superchouette\",\"url\":\"https:\/\/www.hello-superchouette.com\/\",\"logo\":{\"@type\":\"ImageObject\",\"inLanguage\":\"en-US\",\"@id\":\"https:\/\/www.hello-superchouette.com\/#\/schema\/logo\/image\/\",\"url\":\"https:\/\/www.hello-superchouette.com\/wp-content\/uploads\/2025\/07\/logo.svg\",\"contentUrl\":\"https:\/\/www.hello-superchouette.com\/wp-content\/uploads\/2025\/07\/logo.svg\",\"width\":81,\"height\":45,\"caption\":\"Agence Superchouette\"},\"image\":{\"@id\":\"https:\/\/www.hello-superchouette.com\/#\/schema\/logo\/image\/\"},\"sameAs\":[\"https:\/\/www.facebook.com\/agencesuperchouette\",\"https:\/\/www.linkedin.com\/company\/agence-super-chouette\",\"https:\/\/www.instagram.com\/agencesuperchouette\/\"]}]}<\/script>\n<!-- \/ Yoast SEO plugin. -->","yoast_head_json":{"title":"Superchouette | Agence de Branding & de cr\u00e9ation digitale","description":"L'Agence Superchouette accompagne ses clients en branding et cr\u00e9ation digitale pour d\u00e9velopper et r\u00e9inventer leur univers de marque.","robots":{"index":"index","follow":"follow","max-snippet":"max-snippet:-1","max-image-preview":"max-image-preview:large","max-video-preview":"max-video-preview:-1"},"canonical":"https:\/\/www.hello-superchouette.com\/en\/mentions-legales\/","og_locale":"en_US","og_type":"article","og_title":"Superchouette | Agence de Branding & de cr\u00e9ation digitale","og_description":"L'Agence Superchouette accompagne ses clients en branding et cr\u00e9ation digitale pour d\u00e9velopper et r\u00e9inventer leur univers de marque.","og_url":"https:\/\/www.hello-superchouette.com\/en\/mentions-legales\/","og_site_name":"Superchouette","article_publisher":"https:\/\/www.facebook.com\/agencesuperchouette","article_modified_time":"2025-10-16T13:37:29+00:00","og_image":[{"width":1200,"height":674,"url":"https:\/\/www.hello-superchouette.com\/wp-content\/uploads\/2025\/10\/Seo-SC.png","type":"image\/png"}],"twitter_card":"summary_large_image","twitter_misc":{"Est. reading time":"1 minute"},"schema":{"@context":"https:\/\/schema.org","@graph":[{"@type":"WebPage","@id":"https:\/\/www.hello-superchouette.com\/mentions-legales\/","url":"https:\/\/www.hello-superchouette.com\/mentions-legales\/","name":"Superchouette | Agence de Branding & de cr\u00e9ation digitale","isPartOf":{"@id":"https:\/\/www.hello-superchouette.com\/#website"},"primaryImageOfPage":{"@id":"https:\/\/www.hello-superchouette.com\/mentions-legales\/#primaryimage"},"image":{"@id":"https:\/\/www.hello-superchouette.com\/mentions-legales\/#primaryimage"},"thumbnailUrl":"https:\/\/www.hello-superchouette.com\/wp-content\/uploads\/2025\/10\/Seo-SC.png","datePublished":"2025-10-06T09:42:54+00:00","dateModified":"2025-10-16T13:37:29+00:00","description":"L'Agence Superchouette accompagne ses clients en branding et cr\u00e9ation digitale pour d\u00e9velopper et r\u00e9inventer leur univers de marque.","breadcrumb":{"@id":"https:\/\/www.hello-superchouette.com\/mentions-legales\/#breadcrumb"},"inLanguage":"en-US","potentialAction":[{"@type":"ReadAction","target":["https:\/\/www.hello-superchouette.com\/mentions-legales\/"]}]},{"@type":"ImageObject","inLanguage":"en-US","@id":"https:\/\/www.hello-superchouette.com\/mentions-legales\/#primaryimage","url":"https:\/\/www.hello-superchouette.com\/wp-content\/uploads\/2025\/10\/Seo-SC.png","contentUrl":"https:\/\/www.hello-superchouette.com\/wp-content\/uploads\/2025\/10\/Seo-SC.png","width":1200,"height":674},{"@type":"BreadcrumbList","@id":"https:\/\/www.hello-superchouette.com\/mentions-legales\/#breadcrumb","itemListElement":[{"@type":"ListItem","position":1,"name":"Home","item":"https:\/\/www.hello-superchouette.com\/"},{"@type":"ListItem","position":2,"name":"Mentions l\u00e9gales"}]},{"@type":"WebSite","@id":"https:\/\/www.hello-superchouette.com\/#website","url":"https:\/\/www.hello-superchouette.com\/","name":"Hello-Superchouette","description":"Agence de cr\u00e9ation digitale","publisher":{"@id":"https:\/\/www.hello-superchouette.com\/#organization"},"alternateName":"SC","potentialAction":[{"@type":"SearchAction","target":{"@type":"EntryPoint","urlTemplate":"https:\/\/www.hello-superchouette.com\/?s={search_term_string}"},"query-input":{"@type":"PropertyValueSpecification","valueRequired":true,"valueName":"search_term_string"}}],"inLanguage":"en-US"},{"@type":"Organization","@id":"https:\/\/www.hello-superchouette.com\/#organization","name":"Agence Superchouette","url":"https:\/\/www.hello-superchouette.com\/","logo":{"@type":"ImageObject","inLanguage":"en-US","@id":"https:\/\/www.hello-superchouette.com\/#\/schema\/logo\/image\/","url":"https:\/\/www.hello-superchouette.com\/wp-content\/uploads\/2025\/07\/logo.svg","contentUrl":"https:\/\/www.hello-superchouette.com\/wp-content\/uploads\/2025\/07\/logo.svg","width":81,"height":45,"caption":"Agence Superchouette"},"image":{"@id":"https:\/\/www.hello-superchouette.com\/#\/schema\/logo\/image\/"},"sameAs":["https:\/\/www.facebook.com\/agencesuperchouette","https:\/\/www.linkedin.com\/company\/agence-super-chouette","https:\/\/www.instagram.com\/agencesuperchouette\/"]}]}},"_links":{"self":[{"href":"https:\/\/www.hello-superchouette.com\/en\/wp-json\/wp\/v2\/pages\/1893","targetHints":{"allow":["GET"]}}],"collection":[{"href":"https:\/\/www.hello-superchouette.com\/en\/wp-json\/wp\/v2\/pages"}],"about":[{"href":"https:\/\/www.hello-superchouette.com\/en\/wp-json\/wp\/v2\/types\/page"}],"author":[{"embeddable":true,"href":"https:\/\/www.hello-superchouette.com\/en\/wp-json\/wp\/v2\/users\/2"}],"replies":[{"embeddable":true,"href":"https:\/\/www.hello-superchouette.com\/en\/wp-json\/wp\/v2\/comments?post=1893"}],"version-history":[{"count":4,"href":"https:\/\/www.hello-superchouette.com\/en\/wp-json\/wp\/v2\/pages\/1893\/revisions"}],"predecessor-version":[{"id":1897,"href":"https:\/\/www.hello-superchouette.com\/en\/wp-json\/wp\/v2\/pages\/1893\/revisions\/1897"}],"wp:featuredmedia":[{"embeddable":true,"href":"https:\/\/www.hello-superchouette.com\/en\/wp-json\/wp\/v2\/media\/1904"}],"wp:attachment":[{"href":"https:\/\/www.hello-superchouette.com\/en\/wp-json\/wp\/v2\/media?parent=1893"}],"curies":[{"name":"wp","href":"https:\/\/api.w.org\/{rel}","templated":true}]}}